{"id":58,"date":"2021-05-14T10:59:38","date_gmt":"2021-05-14T10:59:38","guid":{"rendered":"https:\/\/axa-shop.ro\/blog\/?page_id=58"},"modified":"2021-05-14T13:16:34","modified_gmt":"2021-05-14T13:16:34","slug":"despre-noi","status":"publish","type":"page","link":"https:\/\/axa-shop.ro\/blog\/","title":{"rendered":"Despre noi"},"content":{"rendered":"\n<p>Magazin cu v\u00e2nzare direct\u0103 si online de echipamente \u0219i materiale pentru instala\u021bii termice si sanitare.<br>AXA este magazinul care \u00ee\u021bi ofer\u0103 solu\u021bii complete atunci c\u00e2nd vine vorba despre centrale termice, pompe de caldur\u0103, sisteme de \u00eenc\u0103lzire prin pardoseal\u0103, panouri solare pentru \u00eenc\u0103lzirea apei, accesorii pentru instala\u021bii sau scule profesionale.<br>\u00cen magazinul axa-shop.ro, clien\u021bii no\u0219tri pot g\u0103si articole destinate instala\u021biilor termice, sanitare, electrice, de canalizare \u0219i gaz, materiale de baz\u0103 \u00een construc\u021bii, scule \u0219i accesorii, unelte \u0219i utilaje, echipamente de protec\u021bie, articole pentru gr\u0103din\u0103.<br>Gama produselor comercializate este extrem de generoas\u0103, acestea provenind de la partenerii nostri cum ar fi :<\/p>\n\n\n\n<figure class=\"wp-block-image\"><img decoding=\"async\" src=\"https:\/\/axa-shop.ro\/web_continut\/fisiere\/LOGO-URI%20PARTENERI%20DESPRE%20NOI%20720X239.jpg\" alt=\"\"\/><\/figure>\n\n\n\n<h4 class=\"has-black-color has-text-color has-normal-font-size wp-block-heading\"><a href=\"https:\/\/axa-shop.ro\/\"><span class=\"has-inline-color has-vivid-red-color\">axa-shop.ro<\/span><\/a>\u00a0\u00eenseamn\u0103 totodat\u0103 servicii de calitate care \u00eenso\u021besc \u0219i completeaz\u0103 cump\u0103r\u0103turile pe care clien\u021bii le fac \u00een magazinul nostru. Pe langa produse de calitate, echipa\u00a0<a href=\"https:\/\/axa-shop.ro\/\"><span class=\"has-inline-color has-vivid-red-color\">axa-shop.ro<\/span><\/a>\u00a0ofera consiliere si consultanta in achizitionarea produselor, si poate pune la dispozitie echipe de tehnicieni experimentati in domeniul instalarii sistemelor de incalzire si a instalatiilor sanitare, NIBE Vip Installer.<br><img decoding=\"async\" src=\"https:\/\/axa-shop.ro\/web_continut\/fisiere\/CE%20ESTE%20UN%20NIBE%20VIP%20INSTALLER%20620X144.jpg\" alt=\"\"><\/h4>\n\n\n\n<h4 class=\"has-normal-font-size wp-block-heading\">\u00bb Sunt firmele de instalatii care si-au dezvoltat competenta si experienta de instalator specializat in echipamente NIBE Suedia, respecta cerintele de instalare, punere in functiune si service<\/h4>\n\n\n\n<h4 class=\"has-normal-font-size wp-block-heading\">\u00bb NIBE VIP Installer actioneaza in scopul cresterii confortului utilizatorilor de echipamente NIBE Suedia si pentru eficientizarea functionarii acestora.<br>\u00bb\u00a0Proiectul\u00a0<a href=\"https:\/\/axa-shop.ro\/\"><span class=\"has-inline-color has-vivid-red-color\">axa-sho.ro<\/span><\/a>\u00a0a luat nastere la sugestia mai multor clienti care au avut inceredere si si-au construit si amenajat locuintele cu materiale furnizate de catre noi.<\/h4>\n\n\n\n<h4 class=\"has-normal-font-size wp-block-heading\">\u00bb Din dorinta de a oferi clientilor nostri o gama cat mai larga de produse pentru amenajarea sau renovarea locuintelor am ales ca modalitate de prezentare site-ul\u00a0<a href=\"https:\/\/axa-shop.ro\/\"><span class=\"has-inline-color has-vivid-red-color\">axa-sho.ro<\/span><\/a>\u00a0pentru a facilita alegerea produselor mult dorite.<\/h4>\n<div style=\"margin-top: 0px; margin-bottom: 0px;\" class=\"sharethis-inline-share-buttons\" ><\/div>","protected":false},"excerpt":{"rendered":"<p>Magazin cu v\u00e2nzare direct\u0103 si online de echipamente \u0219i materiale pentru instala\u021bii termice si sanitare.AXA este magazinul care \u00ee\u021bi ofer\u0103 solu\u021bii complete atunci c\u00e2nd vine vorba despre centrale termice, pompe de caldur\u0103, sisteme de \u00eenc\u0103lzire prin pardoseal\u0103, panouri solare pentru &hellip; <a href=\"https:\/\/axa-shop.ro\/blog\/\">Cite\u0219te continuarea <span class=\"meta-nav\">&rarr;<\/span><\/a><\/p>\n","protected":false},"author":1,"featured_media":0,"parent":0,"menu_order":0,"comment_status":"closed","ping_status":"closed","template":"","meta":{"footnotes":""},"class_list":["post-58","page","type-page","status-publish","hentry"],"_links":{"self":[{"href":"https:\/\/axa-shop.ro\/blog\/wp-json\/wp\/v2\/pages\/58","targetHints":{"allow":["GET"]}}],"collection":[{"href":"https:\/\/axa-shop.ro\/blog\/wp-json\/wp\/v2\/pages"}],"about":[{"href":"https:\/\/axa-shop.ro\/blog\/wp-json\/wp\/v2\/types\/page"}],"author":[{"embeddable":true,"href":"https:\/\/axa-shop.ro\/blog\/wp-json\/wp\/v2\/users\/1"}],"replies":[{"embeddable":true,"href":"https:\/\/axa-shop.ro\/blog\/wp-json\/wp\/v2\/comments?post=58"}],"version-history":[{"count":7,"href":"https:\/\/axa-shop.ro\/blog\/wp-json\/wp\/v2\/pages\/58\/revisions"}],"predecessor-version":[{"id":106,"href":"https:\/\/axa-shop.ro\/blog\/wp-json\/wp\/v2\/pages\/58\/revisions\/106"}],"wp:attachment":[{"href":"https:\/\/axa-shop.ro\/blog\/wp-json\/wp\/v2\/media?parent=58"}],"curies":[{"name":"wp","href":"https:\/\/api.w.org\/{rel}","templated":true}]}}